{"id":3161,"date":"2021-12-26T23:33:17","date_gmt":"2021-12-26T22:33:17","guid":{"rendered":"https:\/\/e52b3593ea.nxcli.net\/password-recover\/"},"modified":"2021-12-26T23:33:17","modified_gmt":"2021-12-26T22:33:17","slug":"password-recover","status":"publish","type":"page","link":"https:\/\/congoyes.com\/fr\/password-recover\/","title":{"rendered":"Forgot Password"},"content":{"rendered":"<div id=\"peepso-wrap\"><div class=\"peepso\">\n  <div class=\"ps-page ps-page--register ps-page--register-recover\">\n    <h2>Mot de passe oubli\u00e9<\/h2>\n    <p>S\u2019il vous pla\u00eet entrez l\u2019adresse e-mail de votre compte ci-dessous. Un code de v\u00e9rification vous sera envoy\u00e9. Une fois que vous aurez re\u00e7u le code de v\u00e9rification, vous serez en mesure de choisir un nouveau mot de passe pour votre compte.<\/p>\n    <p>If you used a Social Login feature, it will be disconnected upon resetting the password.<\/p>        <div class=\"psf-register psf-register--recover\">\n      <form id=\"recoverpasswordform\" name=\"recoverpasswordform\" action=\"?submit\" method=\"post\" class=\"ps-form ps-form--register ps-form--register-recover\" data-trp-original-action=\"?submit\">\n          <input type=\"hidden\" name=\"task\" value=\"-recover-password\" \/>\n          <input type=\"hidden\" name=\"-form-id\" value=\"db007f3d18\" \/>\n          <div class=\"ps-form__grid\">\n              <div class=\"ps-form__row\">\n                  <label for=\"email\" class=\"ps-form__label\">Adresse e-mail                      <span class=\"ps-form__required\">&nbsp;*<span><\/span><\/span>\n                  <\/label>\n                  <div class=\"ps-form__field\">\n                      <input class=\"ps-input\" type=\"email\" name=\"email\" placeholder=\"Adresse e-mail\" \/>\n                  <\/div>\n              <\/div>\n              <div class=\"ps-form__row ps-form__row--submit\">\n                                <a class=\"ps-btn\" href=\"https:\/\/congoyes.com\/fr\/activity\/\">Retour<\/a>\n                                <input type=\"submit\" name=\"submit-recover\"\n                  class=\"ps-btn ps-btn--action ps-js-recaptcha\"\n                  value=\"Envoyer\"\n                  disabled=\"disabled\" \/>\n              <\/div>\n          <\/div>\n      <input type=\"hidden\" name=\"trp-form-language\" value=\"fr\"\/><\/form>\n    <\/div>\n  <\/div>\n<\/div>\n<\/div>","protected":false},"excerpt":{"rendered":"","protected":false},"author":3,"featured_media":0,"parent":0,"menu_order":0,"comment_status":"closed","ping_status":"closed","template":"","meta":{"_monsterinsights_skip_tracking":false,"_monsterinsights_sitenote_active":false,"_monsterinsights_sitenote_note":"","_monsterinsights_sitenote_category":0,"footnotes":""},"class_list":["post-3161","page","type-page","status-publish","hentry","user-has-not-earned"],"_links":{"self":[{"href":"https:\/\/congoyes.com\/fr\/wp-json\/wp\/v2\/pages\/3161","targetHints":{"allow":["GET"]}}],"collection":[{"href":"https:\/\/congoyes.com\/fr\/wp-json\/wp\/v2\/pages"}],"about":[{"href":"https:\/\/congoyes.com\/fr\/wp-json\/wp\/v2\/types\/page"}],"author":[{"embeddable":true,"href":"https:\/\/congoyes.com\/fr\/wp-json\/wp\/v2\/users\/3"}],"replies":[{"embeddable":true,"href":"https:\/\/congoyes.com\/fr\/wp-json\/wp\/v2\/comments?post=3161"}],"version-history":[{"count":0,"href":"https:\/\/congoyes.com\/fr\/wp-json\/wp\/v2\/pages\/3161\/revisions"}],"wp:attachment":[{"href":"https:\/\/congoyes.com\/fr\/wp-json\/wp\/v2\/media?parent=3161"}],"curies":[{"name":"wp","href":"https:\/\/api.w.org\/{rel}","templated":true}]}}